{"id":7,"date":"2015-05-27T16:21:27","date_gmt":"2015-05-27T16:21:27","guid":{"rendered":"http:\/\/wp.alfs-ranch.de\/?page_id=7"},"modified":"2018-03-07T08:07:19","modified_gmt":"2018-03-07T08:07:19","slug":"horses","status":"publish","type":"page","link":"http:\/\/wp.alfs-ranch.de\/?page_id=7","title":{"rendered":"Horses"},"content":{"rendered":"<p><span id=\"fbPhotoSnowliftCaption\" class=\"fbPhotosPhotoCaption\" tabindex=\"0\" data-ft=\"{&quot;tn&quot;:&quot;K&quot;}\"><span class=\"hasCaption\">\u00a0<\/span><\/span><\/p>\n<p><span id=\"fbPhotoSnowliftCaption\" class=\"fbPhotosPhotoCaption\" tabindex=\"0\" data-ft=\"{&quot;tn&quot;:&quot;K&quot;}\"><span class=\"hasCaption\">ZIPPOS POWER BOY\u00a0 Zippos Pine Sugar x Scotch Power Girl<br \/>\n<\/span><\/span><\/p>\n<p><a href=\"http:\/\/wp.alfs-ranch.de\/wp-content\/uploads\/2015\/05\/Powerboy.jpg\"><img loading=\"lazy\" decoding=\"async\" class=\"alignnone size-medium wp-image-170\" src=\"http:\/\/wp.alfs-ranch.de\/wp-content\/uploads\/2015\/05\/Powerboy-300x225.jpg\" alt=\"\" width=\"300\" height=\"225\" srcset=\"http:\/\/wp.alfs-ranch.de\/wp-content\/uploads\/2015\/05\/Powerboy-300x225.jpg 300w, http:\/\/wp.alfs-ranch.de\/wp-content\/uploads\/2015\/05\/Powerboy-400x300.jpg 400w, http:\/\/wp.alfs-ranch.de\/wp-content\/uploads\/2015\/05\/Powerboy.jpg 640w\" sizes=\"(max-width: 300px) 100vw, 300px\" \/><\/a><\/p>\n<p>&nbsp;<\/p>\n<div id=\"attachment_169\" style=\"width: 310px\" class=\"wp-caption alignnone\"><a href=\"http:\/\/wp.alfs-ranch.de\/wp-content\/uploads\/2015\/05\/ZippoPowerBoy.jpg\"><img loading=\"lazy\" decoding=\"async\" aria-describedby=\"caption-attachment-169\" class=\"wp-image-169 size-medium\" src=\"http:\/\/wp.alfs-ranch.de\/wp-content\/uploads\/2015\/05\/ZippoPowerBoy-300x225.jpg\" width=\"300\" height=\"225\" srcset=\"http:\/\/wp.alfs-ranch.de\/wp-content\/uploads\/2015\/05\/ZippoPowerBoy-300x225.jpg 300w, http:\/\/wp.alfs-ranch.de\/wp-content\/uploads\/2015\/05\/ZippoPowerBoy-768x576.jpg 768w, http:\/\/wp.alfs-ranch.de\/wp-content\/uploads\/2015\/05\/ZippoPowerBoy-400x300.jpg 400w, http:\/\/wp.alfs-ranch.de\/wp-content\/uploads\/2015\/05\/ZippoPowerBoy.jpg 800w\" sizes=\"(max-width: 300px) 100vw, 300px\" \/><\/a><p id=\"caption-attachment-169\" class=\"wp-caption-text\">Papa und Sohn<\/p><\/div>\n<p>Power Boy \u00e4hnelt unserem verstorbenen Hengst Zippo Pine Sugar so sehr. Wir behalten ihn im Andenken und auch als erster Reitwallach ever auf unserer Ranch. Bislang wurden immer alle Jungs verkauft.<\/p>\n<p>&nbsp;<\/p>\n<p><span id=\"fbPhotoSnowliftCaption\" class=\"fbPhotosPhotoCaption\" tabindex=\"0\" data-ft=\"{&quot;tn&quot;:&quot;K&quot;}\"><span class=\"hasCaption\">ZIPPOS MILK N SUGAR (Millie) * 16.02.2013 bay mare &#8211; Zippo Pine Sugar (Son of Zippo Pine Bar) X Susies Wild Thing (Broodmare silver &amp; bronze)<\/span><\/span><\/p>\n<p>Millie ist die coolste Socke und bleibt bei uns. Wir wollten ein Susie-Kind f\u00fcr uns behalten und haben uns f\u00fcr Millie entschieden. Nach 6 Wochen Ausbildung konnten wir schon mit ihr ins Gel\u00e4nde. Das ist f\u00fcr Zippos Nachzucht schon fast normal.<\/p>\n<p>&nbsp;<\/p>\n<p><a href=\"http:\/\/wp.alfs-ranch.de\/wp-content\/uploads\/2015\/05\/Millie2.jpg\"><img loading=\"lazy\" decoding=\"async\" class=\"alignnone size-medium wp-image-59\" src=\"http:\/\/wp.alfs-ranch.de\/wp-content\/uploads\/2015\/05\/Millie2-300x201.jpg\" alt=\"Millie2\" width=\"300\" height=\"201\" srcset=\"http:\/\/wp.alfs-ranch.de\/wp-content\/uploads\/2015\/05\/Millie2-300x201.jpg 300w, http:\/\/wp.alfs-ranch.de\/wp-content\/uploads\/2015\/05\/Millie2-447x300.jpg 447w, http:\/\/wp.alfs-ranch.de\/wp-content\/uploads\/2015\/05\/Millie2.jpg 800w\" sizes=\"(max-width: 300px) 100vw, 300px\" \/><\/a><\/p>\n<p><a href=\"http:\/\/wp.alfs-ranch.de\/wp-content\/uploads\/2015\/05\/MillieSeite.jpg\"><img loading=\"lazy\" decoding=\"async\" class=\"alignnone size-medium wp-image-60\" src=\"http:\/\/wp.alfs-ranch.de\/wp-content\/uploads\/2015\/05\/MillieSeite-300x201.jpg\" alt=\"MillieSeite\" width=\"300\" height=\"201\" srcset=\"http:\/\/wp.alfs-ranch.de\/wp-content\/uploads\/2015\/05\/MillieSeite-300x201.jpg 300w, http:\/\/wp.alfs-ranch.de\/wp-content\/uploads\/2015\/05\/MillieSeite-447x300.jpg 447w, http:\/\/wp.alfs-ranch.de\/wp-content\/uploads\/2015\/05\/MillieSeite.jpg 800w\" sizes=\"(max-width: 300px) 100vw, 300px\" \/><\/a><\/p>\n<p>&nbsp;<\/p>\n<p>&nbsp;<\/p>\n<p>&nbsp;<\/p>\n<p>&nbsp;<\/p>\n<p>&nbsp;<\/p>\n<p><strong>Scotch Power Girl<\/strong><\/p>\n<p><a href=\"http:\/\/wp.alfs-ranch.de\/wp-content\/uploads\/2015\/05\/Kopf1.jpg\"><img loading=\"lazy\" decoding=\"async\" class=\"alignnone size-medium wp-image-71\" src=\"http:\/\/wp.alfs-ranch.de\/wp-content\/uploads\/2015\/05\/Kopf1-300x234.jpg\" alt=\"Kopf\" width=\"300\" height=\"234\" srcset=\"http:\/\/wp.alfs-ranch.de\/wp-content\/uploads\/2015\/05\/Kopf1-300x234.jpg 300w, http:\/\/wp.alfs-ranch.de\/wp-content\/uploads\/2015\/05\/Kopf1-385x300.jpg 385w, http:\/\/wp.alfs-ranch.de\/wp-content\/uploads\/2015\/05\/Kopf1.jpg 600w\" sizes=\"(max-width: 300px) 100vw, 300px\" \/><\/a><\/p>\n<p>Am Karfreitag 2012 reiste sie an und wir haben uns sofort alle in sie verliebt. <strong>SCOTCH POWER GIRL<\/strong> ist die Tochter des legend\u00e4ren <strong>FRITZ POWER<\/strong> (JOMM RANCHES) aus <strong>Shes A Scotch Belle, <\/strong>einer<strong> Scotch Bar Time<\/strong> Tochter. Sie ist quasi mit unserer <strong>First Zippo Rose<\/strong> verwandt. Powerle wird aktuell mit unserem Zippo angepaart und wir erhoffen uns ein Fohlen der Extraklasse f\u00fcr 2013. Sie hatte selbst schon zwei Fohlen aus <strong>Only Invitational<\/strong> und <strong>Zipped my Zipper, <\/strong>welche durch ihre hervorragenden Gangqualit\u00e4t brillierten.Das Fohlen aus <strong>Zipped My Zipper<\/strong> erhielt eine 8,5 auf seinen Gang und eine 8,25 auf Typ und Geb\u00e4ude. Da wir Pferde mit einem \u00fcberragenden Gangwerk z\u00fcchten, hat uns Powerle zu unserem Gl\u00fcck noch gefehlt ;-).<\/p>\n<p>&nbsp;<\/p>\n<p><a href=\"http:\/\/wp.alfs-ranch.de\/wp-content\/uploads\/2015\/05\/DSC_0247.jpg\"><img loading=\"lazy\" decoding=\"async\" class=\"alignnone size-medium wp-image-73\" src=\"http:\/\/wp.alfs-ranch.de\/wp-content\/uploads\/2015\/05\/DSC_0247-300x200.jpg\" alt=\"DSC_0247\" width=\"300\" height=\"200\" srcset=\"http:\/\/wp.alfs-ranch.de\/wp-content\/uploads\/2015\/05\/DSC_0247-300x200.jpg 300w, http:\/\/wp.alfs-ranch.de\/wp-content\/uploads\/2015\/05\/DSC_0247-451x300.jpg 451w, http:\/\/wp.alfs-ranch.de\/wp-content\/uploads\/2015\/05\/DSC_0247.jpg 600w\" sizes=\"(max-width: 300px) 100vw, 300px\" \/><\/a><\/p>\n<p>&nbsp;<\/p>\n<p>&nbsp;<\/p>\n<p><strong>\u00a0<\/strong><\/p>\n<p>&nbsp;<\/p>\n<p><strong>Shira<\/strong><\/p>\n<p>&nbsp;<\/p>\n<p><a href=\"http:\/\/wp.alfs-ranch.de\/wp-content\/uploads\/2015\/05\/ShiraMai10.jpg\"><img loading=\"lazy\" decoding=\"async\" class=\"alignnone size-medium wp-image-76\" src=\"http:\/\/wp.alfs-ranch.de\/wp-content\/uploads\/2015\/05\/ShiraMai10-300x207.jpg\" alt=\"ShiraMai10\" width=\"300\" height=\"207\" srcset=\"http:\/\/wp.alfs-ranch.de\/wp-content\/uploads\/2015\/05\/ShiraMai10-300x207.jpg 300w, http:\/\/wp.alfs-ranch.de\/wp-content\/uploads\/2015\/05\/ShiraMai10-435x300.jpg 435w, http:\/\/wp.alfs-ranch.de\/wp-content\/uploads\/2015\/05\/ShiraMai10.jpg 600w\" sizes=\"(max-width: 300px) 100vw, 300px\" \/><\/a><\/p>\n<p class=\"Stil11\">Da man auf einem Pferd nicht zu zweit ausreiten kann, mu\u00dfte noch ein Pferd her. Wir entschieden uns f\u00fcr eine coole 7j\u00e4hrige QH Stute <strong>Shira<\/strong>. Sie hatte in den letzten Jahren 3 wundersch\u00f6ne Fohlen zur Welt gebracht und so war auch ihr Ausbildungsstand.<\/p>\n<p class=\"Stil11\"><a href=\"http:\/\/wp.alfs-ranch.de\/wp-content\/uploads\/2015\/05\/ShiraMai10b.jpg\"><img loading=\"lazy\" decoding=\"async\" class=\"alignnone size-medium wp-image-77\" src=\"http:\/\/wp.alfs-ranch.de\/wp-content\/uploads\/2015\/05\/ShiraMai10b-300x200.jpg\" alt=\"ShiraMai10b\" width=\"300\" height=\"200\" srcset=\"http:\/\/wp.alfs-ranch.de\/wp-content\/uploads\/2015\/05\/ShiraMai10b-300x200.jpg 300w, http:\/\/wp.alfs-ranch.de\/wp-content\/uploads\/2015\/05\/ShiraMai10b-451x300.jpg 451w, http:\/\/wp.alfs-ranch.de\/wp-content\/uploads\/2015\/05\/ShiraMai10b.jpg 600w\" sizes=\"(max-width: 300px) 100vw, 300px\" \/><\/a><\/p>\n<p class=\"Stil11\">Aber was f\u00fcr uns wichtig war, ist die Verl\u00e4\u00dflichkeit und der gute Mind. Man kann mit ihr durch Dick und D\u00fcnn reiten. Sie hat zwar einen sturen Kopf &#8211; wenn man noch sturer ist, hat man gewonnen.<\/p>\n<p>&nbsp;<\/p>\n<p class=\"Stil11\"><strong>Susies Wild Thing<\/strong><\/p>\n<p class=\"Stil11\"><a href=\"http:\/\/wp.alfs-ranch.de\/wp-content\/uploads\/2015\/05\/SusieSept2011.jpg\"><img loading=\"lazy\" decoding=\"async\" class=\"alignnone size-medium wp-image-79\" src=\"http:\/\/wp.alfs-ranch.de\/wp-content\/uploads\/2015\/05\/SusieSept2011-300x200.jpg\" alt=\"SusieSept2011\" width=\"300\" height=\"200\" srcset=\"http:\/\/wp.alfs-ranch.de\/wp-content\/uploads\/2015\/05\/SusieSept2011-300x200.jpg 300w, http:\/\/wp.alfs-ranch.de\/wp-content\/uploads\/2015\/05\/SusieSept2011-451x300.jpg 451w, http:\/\/wp.alfs-ranch.de\/wp-content\/uploads\/2015\/05\/SusieSept2011.jpg 600w\" sizes=\"(max-width: 300px) 100vw, 300px\" \/><\/a><\/p>\n<p class=\"Stil11\">&#8230; und der Name ist Programm. Nein, sie ist eine SchmuseSuse und die \u00e4lteste Stute auf der Ranch. Sie stammt von kanadischen Ranchhorselinien ab und ist ein richtiger Panzer. Susie hat uns viele tolle Fohlen gebracht und wird nun in Rente gehen.<\/p>\n<p>&nbsp;<\/p>\n<p><strong>Lady<\/strong><\/p>\n<p>&nbsp;<\/p>\n<p><a href=\"http:\/\/wp.alfs-ranch.de\/wp-content\/uploads\/2015\/05\/DSC_0063.jpg\"><img loading=\"lazy\" decoding=\"async\" class=\"alignnone size-medium wp-image-147\" src=\"http:\/\/wp.alfs-ranch.de\/wp-content\/uploads\/2015\/05\/DSC_0063-300x200.jpg\" alt=\"\" width=\"300\" height=\"200\" srcset=\"http:\/\/wp.alfs-ranch.de\/wp-content\/uploads\/2015\/05\/DSC_0063-300x200.jpg 300w, http:\/\/wp.alfs-ranch.de\/wp-content\/uploads\/2015\/05\/DSC_0063-451x300.jpg 451w, http:\/\/wp.alfs-ranch.de\/wp-content\/uploads\/2015\/05\/DSC_0063.jpg 600w\" sizes=\"(max-width: 300px) 100vw, 300px\" \/><\/a><\/p>\n<p>Lady ist die gelungene Verbindung zweier Pferderassen. Mama ist Trakehner und Papa war Quarter Horse. Sie hat von ihrer Mama das Gangwerk und die Hufe geerbt und ihr Papa hat ihr das ausgeglichene Gem\u00fct und die Muskeln vermacht. So mancher hat auf ihr schon das Reiten gelernt.<\/p>\n","protected":false},"excerpt":{"rendered":"<p>\u00a0 ZIPPOS POWER BOY\u00a0 Zippos Pine Sugar x Scotch Power Girl &nbsp; Power Boy \u00e4hnelt unserem verstorbenen Hengst Zippo Pine Sugar so sehr. Wir behalten ihn im Andenken und auch als erster Reitwallach ever auf unserer Ranch. Bislang wurden immer &hellip; <a href=\"http:\/\/wp.alfs-ranch.de\/?page_id=7\">Weiterlesen <span class=\"meta-nav\">&rarr;<\/span><\/a><\/p>\n","protected":false},"author":1,"featured_media":0,"parent":0,"menu_order":0,"comment_status":"open","ping_status":"open","template":"","meta":{"footnotes":""},"_links":{"self":[{"href":"http:\/\/wp.alfs-ranch.de\/index.php?rest_route=\/wp\/v2\/pages\/7"}],"collection":[{"href":"http:\/\/wp.alfs-ranch.de\/index.php?rest_route=\/wp\/v2\/pages"}],"about":[{"href":"http:\/\/wp.alfs-ranch.de\/index.php?rest_route=\/wp\/v2\/types\/page"}],"author":[{"embeddable":true,"href":"http:\/\/wp.alfs-ranch.de\/index.php?rest_route=\/wp\/v2\/users\/1"}],"replies":[{"embeddable":true,"href":"http:\/\/wp.alfs-ranch.de\/index.php?rest_route=%2Fwp%2Fv2%2Fcomments&post=7"}],"version-history":[{"count":9,"href":"http:\/\/wp.alfs-ranch.de\/index.php?rest_route=\/wp\/v2\/pages\/7\/revisions"}],"predecessor-version":[{"id":171,"href":"http:\/\/wp.alfs-ranch.de\/index.php?rest_route=\/wp\/v2\/pages\/7\/revisions\/171"}],"wp:attachment":[{"href":"http:\/\/wp.alfs-ranch.de\/index.php?rest_route=%2Fwp%2Fv2%2Fmedia&parent=7"}],"curies":[{"name":"wp","href":"https:\/\/api.w.org\/{rel}","templated":true}]}}