{"id":37,"date":"2015-05-27T16:47:29","date_gmt":"2015-05-27T16:47:29","guid":{"rendered":"http:\/\/wp.alfs-ranch.de\/?page_id=37"},"modified":"2018-07-20T10:10:14","modified_gmt":"2018-07-20T10:10:14","slug":"ranch","status":"publish","type":"page","link":"http:\/\/wp.alfs-ranch.de\/?page_id=37","title":{"rendered":"Ranch"},"content":{"rendered":"<p style=\"text-align: left;\"><strong>Kofinanzierung durch das Land\u00a0<\/strong><\/p>\n<p style=\"text-align: left;\">Die AlfsIT Ranch erh\u00e4lt im Rahmen des vom Ministerium f\u00fcr Wirtschaft, Verkehr, Landwirtschaft und Weinbau verwalteten rheinland-pf\u00e4lzischen Entwicklungsprogramms \u201eUmweltma\u00dfnahmen, L\u00e4ndliche Entwicklung, Landwirtschaft, Ern\u00e4hrung\u201c (EULLE) durch den Europ\u00e4ischen Landwirtschaftsfonds f\u00fcr die Entwicklung des l\u00e4ndlichen Raums (ELER) kofinanziert durch das Land, eine F\u00f6rderung f\u00fcr seine Leistungen:<br \/>\n<strong>in den Agrar- und Klimama\u00dfnahmen:<br \/>\n<\/strong><strong>Vertragsnaturschutz Gr\u00fcnland \u2013Artenreiches Gr\u00fcnland- &amp;<br \/>\n<\/strong><strong>Vertragsnaturschutz Kennarten \u2013M\u00e4hwiesen und Weiden-<\/strong><\/p>\n<p><a href=\"http:\/\/wp.alfs-ranch.de\/wp-content\/uploads\/2015\/05\/EULLA.png\"><img loading=\"lazy\" decoding=\"async\" class=\"alignnone wp-image-175 size-full\" src=\"http:\/\/wp.alfs-ranch.de\/wp-content\/uploads\/2015\/05\/EULLA.png\" width=\"550\" height=\"95\" srcset=\"http:\/\/wp.alfs-ranch.de\/wp-content\/uploads\/2015\/05\/EULLA.png 550w, http:\/\/wp.alfs-ranch.de\/wp-content\/uploads\/2015\/05\/EULLA-300x52.png 300w, http:\/\/wp.alfs-ranch.de\/wp-content\/uploads\/2015\/05\/EULLA-500x86.png 500w\" sizes=\"(max-width: 550px) 100vw, 550px\" \/><\/a><\/p>\n<p>&nbsp;<\/p>\n<p><a href=\"http:\/\/wp.alfs-ranch.de\/wp-content\/uploads\/2015\/05\/NotOregon.jpg\"><img loading=\"lazy\" decoding=\"async\" class=\"alignnone size-medium wp-image-38\" src=\"http:\/\/wp.alfs-ranch.de\/wp-content\/uploads\/2015\/05\/NotOregon-300x200.jpg\" alt=\"NotOregon\" width=\"300\" height=\"200\" srcset=\"http:\/\/wp.alfs-ranch.de\/wp-content\/uploads\/2015\/05\/NotOregon-300x200.jpg 300w, http:\/\/wp.alfs-ranch.de\/wp-content\/uploads\/2015\/05\/NotOregon-451x300.jpg 451w, http:\/\/wp.alfs-ranch.de\/wp-content\/uploads\/2015\/05\/NotOregon.jpg 800w\" sizes=\"(max-width: 300px) 100vw, 300px\" \/><\/a><\/p>\n<p>Auf einer Fl\u00e4che von insgesamt 30 Hektar halten wir unsere Pferde und unsere Gastpferde m\u00f6glichst artgerecht. Ab Mitte April bis sp\u00e4t in den Herbst laufen die Pferde in gro\u00dfen Gruppen auf maximal gro\u00dfen Weiden. Diese bieten alle nat\u00fcrlichen Schutz vor Sonne und Regen bzw. einen gebauten Schutz, wenn es dort nicht gegeben ist.<\/p>\n<p>Die Tiere sind st\u00e4ndig in Bewegung, laufen einige Kilometer \u00fcber den Tag verteilt. F\u00fcr die Heuwerbung stehen uns gesonderte Fl\u00e4chen eines Partnerbetriebes zur Verf\u00fcgung. Die Gr\u00fcnfl\u00e4chen dienen also ausschlie\u00dflich als Futterweiden.<\/p>\n<p>&nbsp;<\/p>\n<p><a href=\"http:\/\/wp.alfs-ranch.de\/wp-content\/uploads\/2015\/05\/HarrysInn3.jpg\"><img loading=\"lazy\" decoding=\"async\" class=\"alignnone size-medium wp-image-39\" src=\"http:\/\/wp.alfs-ranch.de\/wp-content\/uploads\/2015\/05\/HarrysInn3-300x200.jpg\" alt=\"HarrysInn3\" width=\"300\" height=\"200\" srcset=\"http:\/\/wp.alfs-ranch.de\/wp-content\/uploads\/2015\/05\/HarrysInn3-300x200.jpg 300w, http:\/\/wp.alfs-ranch.de\/wp-content\/uploads\/2015\/05\/HarrysInn3-451x300.jpg 451w, http:\/\/wp.alfs-ranch.de\/wp-content\/uploads\/2015\/05\/HarrysInn3.jpg 600w\" sizes=\"(max-width: 300px) 100vw, 300px\" \/><\/a><\/p>\n<p>Im Winter leben die Gruppen in ihren Blockh\u00e4usern und Ausl\u00e4ufen und erhalten Heu satt aus den Futterraufen.<\/p>\n<p>Nur unsere Zuchtstuten und der Hengst werden aufgestallt. Sie erhalten aber dennoch ihren t\u00e4glichen Ausgang auf Winterkoppeln.<\/p>\n<p><a href=\"http:\/\/wp.alfs-ranch.de\/wp-content\/uploads\/2015\/05\/DSC_0342.jpg\"><img loading=\"lazy\" decoding=\"async\" class=\"alignnone size-medium wp-image-40\" src=\"http:\/\/wp.alfs-ranch.de\/wp-content\/uploads\/2015\/05\/DSC_0342-300x200.jpg\" alt=\"DSC_0342\" width=\"300\" height=\"200\" srcset=\"http:\/\/wp.alfs-ranch.de\/wp-content\/uploads\/2015\/05\/DSC_0342-300x200.jpg 300w, http:\/\/wp.alfs-ranch.de\/wp-content\/uploads\/2015\/05\/DSC_0342-451x300.jpg 451w, http:\/\/wp.alfs-ranch.de\/wp-content\/uploads\/2015\/05\/DSC_0342.jpg 600w\" sizes=\"(max-width: 300px) 100vw, 300px\" \/><\/a><\/p>\n<p>&nbsp;<\/p>\n<p>Zum Training gibt es auf der Alfs Ranch einen 20 x 40 m gro\u00dfen Reitplatz sowie ein RoundPen. Aber am sch\u00f6nsten ist das weitl\u00e4ufige Ausreitgel\u00e4nde &#8211; das sch\u00e4tzen wir am meisten.<\/p>\n<p>&nbsp;<\/p>\n<p><a href=\"http:\/\/wp.alfs-ranch.de\/wp-content\/uploads\/2015\/05\/roundpen.jpg\"><img loading=\"lazy\" decoding=\"async\" class=\"alignnone size-medium wp-image-41\" src=\"http:\/\/wp.alfs-ranch.de\/wp-content\/uploads\/2015\/05\/roundpen-300x200.jpg\" alt=\"roundpen\" width=\"300\" height=\"200\" srcset=\"http:\/\/wp.alfs-ranch.de\/wp-content\/uploads\/2015\/05\/roundpen-300x200.jpg 300w, http:\/\/wp.alfs-ranch.de\/wp-content\/uploads\/2015\/05\/roundpen-451x300.jpg 451w, http:\/\/wp.alfs-ranch.de\/wp-content\/uploads\/2015\/05\/roundpen.jpg 600w\" sizes=\"(max-width: 300px) 100vw, 300px\" \/><\/a><\/p>\n<p>&nbsp;<\/p>\n<p><a href=\"http:\/\/wp.alfs-ranch.de\/wp-content\/uploads\/2015\/05\/Reitplatz.jpg\"><img loading=\"lazy\" decoding=\"async\" class=\"alignnone size-medium wp-image-43\" src=\"http:\/\/wp.alfs-ranch.de\/wp-content\/uploads\/2015\/05\/Reitplatz-300x149.jpg\" alt=\"Reitplatz\" width=\"300\" height=\"149\" srcset=\"http:\/\/wp.alfs-ranch.de\/wp-content\/uploads\/2015\/05\/Reitplatz-300x149.jpg 300w, http:\/\/wp.alfs-ranch.de\/wp-content\/uploads\/2015\/05\/Reitplatz-500x249.jpg 500w, http:\/\/wp.alfs-ranch.de\/wp-content\/uploads\/2015\/05\/Reitplatz.jpg 700w\" sizes=\"(max-width: 300px) 100vw, 300px\" \/><\/a><\/p>\n<p>&nbsp;<\/p>\n<p>&nbsp;<\/p>\n<p>Jedes Jahr bieten wir eine begrenzte Anzahl an Aufzuchtspl\u00e4tzen f\u00fcr Jungpferde an. Wir unterhalten auch eine Hengstgruppe. Die Besonderheit an unserer Hengsthaltung ist die, dass wir die Burschen weitab jeglicher Stutenwitterung unterbringen. Dies h\u00e4lt ihre Hormone noch recht lange in Balance und es gibt auch in der Gruppe keine Reibereien.<\/p>\n<p>&nbsp;<\/p>\n<p><a href=\"http:\/\/wp.alfs-ranch.de\/wp-content\/uploads\/2015\/05\/Rattenfaenger.jpg\"><img loading=\"lazy\" decoding=\"async\" class=\"alignnone size-medium wp-image-42\" src=\"http:\/\/wp.alfs-ranch.de\/wp-content\/uploads\/2015\/05\/Rattenfaenger-300x199.jpg\" alt=\"Rattenfaenger\" width=\"300\" height=\"199\" srcset=\"http:\/\/wp.alfs-ranch.de\/wp-content\/uploads\/2015\/05\/Rattenfaenger-300x199.jpg 300w, http:\/\/wp.alfs-ranch.de\/wp-content\/uploads\/2015\/05\/Rattenfaenger-452x300.jpg 452w, http:\/\/wp.alfs-ranch.de\/wp-content\/uploads\/2015\/05\/Rattenfaenger.jpg 700w\" sizes=\"(max-width: 300px) 100vw, 300px\" \/><\/a><\/p>\n<p>&nbsp;<\/p>\n<p>&nbsp;<\/p>\n","protected":false},"excerpt":{"rendered":"<p>Kofinanzierung durch das Land\u00a0 Die AlfsIT Ranch erh\u00e4lt im Rahmen des vom Ministerium f\u00fcr Wirtschaft, Verkehr, Landwirtschaft und Weinbau verwalteten rheinland-pf\u00e4lzischen Entwicklungsprogramms \u201eUmweltma\u00dfnahmen, L\u00e4ndliche Entwicklung, Landwirtschaft, Ern\u00e4hrung\u201c (EULLE) durch den Europ\u00e4ischen Landwirtschaftsfonds f\u00fcr die Entwicklung des l\u00e4ndlichen Raums (ELER) kofinanziert &hellip; <a href=\"http:\/\/wp.alfs-ranch.de\/?page_id=37\">Weiterlesen <span class=\"meta-nav\">&rarr;<\/span><\/a><\/p>\n","protected":false},"author":1,"featured_media":0,"parent":0,"menu_order":0,"comment_status":"open","ping_status":"open","template":"","meta":{"footnotes":""},"_links":{"self":[{"href":"http:\/\/wp.alfs-ranch.de\/index.php?rest_route=\/wp\/v2\/pages\/37"}],"collection":[{"href":"http:\/\/wp.alfs-ranch.de\/index.php?rest_route=\/wp\/v2\/pages"}],"about":[{"href":"http:\/\/wp.alfs-ranch.de\/index.php?rest_route=\/wp\/v2\/types\/page"}],"author":[{"embeddable":true,"href":"http:\/\/wp.alfs-ranch.de\/index.php?rest_route=\/wp\/v2\/users\/1"}],"replies":[{"embeddable":true,"href":"http:\/\/wp.alfs-ranch.de\/index.php?rest_route=%2Fwp%2Fv2%2Fcomments&post=37"}],"version-history":[{"count":11,"href":"http:\/\/wp.alfs-ranch.de\/index.php?rest_route=\/wp\/v2\/pages\/37\/revisions"}],"predecessor-version":[{"id":184,"href":"http:\/\/wp.alfs-ranch.de\/index.php?rest_route=\/wp\/v2\/pages\/37\/revisions\/184"}],"wp:attachment":[{"href":"http:\/\/wp.alfs-ranch.de\/index.php?rest_route=%2Fwp%2Fv2%2Fmedia&parent=37"}],"curies":[{"name":"wp","href":"https:\/\/api.w.org\/{rel}","templated":true}]}}