{"id":28,"date":"2015-05-27T16:26:00","date_gmt":"2015-05-27T16:26:00","guid":{"rendered":"http:\/\/wp.alfs-ranch.de\/?page_id=28"},"modified":"2018-03-07T08:44:06","modified_gmt":"2018-03-07T08:44:06","slug":"zippo-pine-sugar","status":"publish","type":"page","link":"http:\/\/wp.alfs-ranch.de\/?page_id=28","title":{"rendered":"Zippo Pine Sugar"},"content":{"rendered":"<p>Im Januar 2018 mussten wir Dich ziehen lassen, danke f\u00fcr alles<\/p>\n<p><a href=\"http:\/\/wp.alfs-ranch.de\/wp-content\/uploads\/2015\/05\/Zippo-Pine-Sugar0303-065bearbeitet.jpg\"><img loading=\"lazy\" decoding=\"async\" class=\"alignnone size-medium wp-image-167\" src=\"http:\/\/wp.alfs-ranch.de\/wp-content\/uploads\/2015\/05\/Zippo-Pine-Sugar0303-065bearbeitet-204x300.jpg\" alt=\"\" width=\"204\" height=\"300\" srcset=\"http:\/\/wp.alfs-ranch.de\/wp-content\/uploads\/2015\/05\/Zippo-Pine-Sugar0303-065bearbeitet-204x300.jpg 204w, http:\/\/wp.alfs-ranch.de\/wp-content\/uploads\/2015\/05\/Zippo-Pine-Sugar0303-065bearbeitet.jpg 477w\" sizes=\"(max-width: 204px) 100vw, 204px\" \/><\/a><\/p>\n<p><span id=\"fbPhotoSnowliftCaption\" class=\"fbPhotosPhotoCaption\" tabindex=\"0\" data-ft=\"{&quot;tn&quot;:&quot;K&quot;}\"><span class=\"hasCaption\">Du bist nicht tot, du lebst nur in einer anderen Welt. Bis zuletzt k\u00e4mpften wir um dein Leben, doch eine dramatische Verschlechterung, lie\u00df uns keine andere Wahl. Danke f\u00fcr diese tollen, ereignisreichen Jahre, deine vielen tollen Kinder, die bei uns und anderswo zur Welt kamen und in denen du nun weiterlebst, dein Vertrauen und deine Tapferkeit bis zum letzten Atemzug. Du warst das One-In-A-Lifetime Pferd f\u00fcr mich, es war ein Gl\u00fccksfall, dass unsere Wege sich kreuzten \u2013 Until we meet again<\/span><\/span><\/p>\n<div id=\"fbPhotoSnowliftCTMButton\"><\/div>\n<p>&nbsp;<\/p>\n<p>ZIPPO PINE SUGAR &#8211; Sohn von Zippo Pine Bar und SUGAR ROCK SUSIE (World Champion Western Pleasure)<\/p>\n<p>&nbsp;<\/p>\n<p><a href=\"http:\/\/wp.alfs-ranch.de\/wp-content\/uploads\/2015\/05\/Kopf.jpg\"><img loading=\"lazy\" decoding=\"async\" class=\"alignnone size-medium wp-image-31\" src=\"http:\/\/wp.alfs-ranch.de\/wp-content\/uploads\/2015\/05\/Kopf-202x300.jpg\" alt=\"Kopf\" width=\"202\" height=\"300\" srcset=\"http:\/\/wp.alfs-ranch.de\/wp-content\/uploads\/2015\/05\/Kopf-202x300.jpg 202w, http:\/\/wp.alfs-ranch.de\/wp-content\/uploads\/2015\/05\/Kopf.jpg 337w\" sizes=\"(max-width: 202px) 100vw, 202px\" \/><\/a><\/p>\n<p>&nbsp;<\/p>\n<p class=\"Stil5\">Von <strong>Colette<\/strong> und <strong>Joseph Pignolo<\/strong> kauften wir im Juni 2010 den 22 J\u00e4hrigen <strong>Zippo Pine Sugar<\/strong>. Wir sind sehr gl\u00fccklich \u00fcber diese F\u00fcgung, hatten wir doch mit der Anpaarung unserer Stute Shira und diesem traumhaften Zippo Pine Bar -Sohn ein Ergebnis, das sich sehen lassen kann.<\/p>\n<p class=\"Stil5\">Jetzt steht der Hengst auf unseren Koppeln neben &#8222;seinen&#8220; Stuten, darf die ein oder andere passende Stute decken und hilft mir in Sachen Western Riding und Pleasure als &#8222;Alter Hase&#8220; auf die Spr\u00fcnge. Hier geht ein gro\u00dfes &#8222;Dankesch\u00f6n&#8220; an Colette und Joseph Pignolo f\u00fcr das in uns gesetzte Vertrauen.<\/p>\n<p class=\"Stil5\"><a href=\"http:\/\/wp.alfs-ranch.de\/wp-content\/uploads\/2015\/05\/DSC0239.jpg\"><img loading=\"lazy\" decoding=\"async\" class=\"alignnone size-medium wp-image-33\" src=\"http:\/\/wp.alfs-ranch.de\/wp-content\/uploads\/2015\/05\/DSC0239-214x300.jpg\" alt=\"_DSC0239\" width=\"214\" height=\"300\" srcset=\"http:\/\/wp.alfs-ranch.de\/wp-content\/uploads\/2015\/05\/DSC0239-214x300.jpg 214w, http:\/\/wp.alfs-ranch.de\/wp-content\/uploads\/2015\/05\/DSC0239.jpg 499w\" sizes=\"(max-width: 214px) 100vw, 214px\" \/><\/a><\/p>\n<p class=\"Stil5\">Der bayfarbene Hengst wurde 1988 auf der Ranch von <strong>Tommy Manion<\/strong> in Texas geboren. Als Sohn des \u00fcberragenden Vererbers <strong>Zippo Pine Bar<\/strong> und seiner Mutter <strong>Sugar Rock Susie (<\/strong> 38 HLT &amp; 141 Perf Pts; O Superior WP; O AQHA Champion Western Pleasure) waren bereits die wichtigsten Anlagen in seine Wiege gelegt. Sugar Rock Susie sollte sich als gute Zuchtstute beweisen. Auch ihr Fohlen aus <strong>Hotrodders Jet Set<\/strong> <strong>, Jet Stting Playboy, <\/strong> wurde <strong>Reserve World Champion, &#8217;94 Y HSE<\/strong>.<\/p>\n<p class=\"Stil5\"><a href=\"http:\/\/wp.alfs-ranch.de\/wp-content\/uploads\/2015\/05\/Mai2011Zippo2.jpg\"><img loading=\"lazy\" decoding=\"async\" class=\"alignnone size-medium wp-image-34\" src=\"http:\/\/wp.alfs-ranch.de\/wp-content\/uploads\/2015\/05\/Mai2011Zippo2-200x300.jpg\" alt=\"Mai2011Zippo2\" width=\"200\" height=\"300\" srcset=\"http:\/\/wp.alfs-ranch.de\/wp-content\/uploads\/2015\/05\/Mai2011Zippo2-200x300.jpg 200w, http:\/\/wp.alfs-ranch.de\/wp-content\/uploads\/2015\/05\/Mai2011Zippo2.jpg 399w\" sizes=\"(max-width: 200px) 100vw, 200px\" \/><\/a><\/p>\n<p><strong>Dough Lilly<\/strong> bildete den Junghengst auf der <strong>Edgewood Farm<\/strong> in Pilot Point\/Tx. aus und showte ihn: 1. Platz Western Riding Texas Classic 1992, 7. Platz Western Riding World Show OK City 1991, 10. Platz Western Riding World Show 1993.<\/p>\n<p class=\"Stil5\">Der Hengst, der von <strong>Hans Kuhn<\/strong> gekauft wurde, als er wegen seines Studiums in den USA war, kam schlie\u00dflich nach Deutschland. Doch schon bald merkte man auf der <strong>Kuhn Ranch<\/strong>, dass man sich mehr dem Cutting hingezogen f\u00fchlte. Der saarl\u00e4ndische Trainer suchte einen guten Platz f\u00fcr den Hengst und fand ihn schlie\u00dflich bei den <strong>Pignolos<\/strong>, wo er am Sylvestertag 1998 einzog.<\/p>\n<p class=\"Stil5\">Zippo erwies sich als guter Kumpel, ist sehr einf\u00fchlsam, korrekt, respektvoll und arbeitet gerne, am besten t\u00e4glich. Er liebt besonders das Grooming, man darf ihn stundenlang verw\u00f6hnen. Colette geno\u00df die ausgiebigen Spazierritte im Gel\u00e4nde, aber auch beim t\u00e4glichen Training in der Halle, zeigte der Hengst, dass er seine Lektionen beherrscht.<\/p>\n<p class=\"Stil5\"><a href=\"http:\/\/wp.alfs-ranch.de\/wp-content\/uploads\/2015\/05\/Mai2011Zippo.jpg\"><img loading=\"lazy\" decoding=\"async\" class=\"alignnone size-medium wp-image-35\" src=\"http:\/\/wp.alfs-ranch.de\/wp-content\/uploads\/2015\/05\/Mai2011Zippo-300x199.jpg\" alt=\"Mai2011Zippo\" width=\"300\" height=\"199\" srcset=\"http:\/\/wp.alfs-ranch.de\/wp-content\/uploads\/2015\/05\/Mai2011Zippo-300x199.jpg 300w, http:\/\/wp.alfs-ranch.de\/wp-content\/uploads\/2015\/05\/Mai2011Zippo-452x300.jpg 452w, http:\/\/wp.alfs-ranch.de\/wp-content\/uploads\/2015\/05\/Mai2011Zippo.jpg 700w\" sizes=\"(max-width: 300px) 100vw, 300px\" \/><\/a><\/p>\n<p class=\"Stil5\">In Europa wurde er von dem Luxemburger <strong>Marco Stors<\/strong> mehrfach erfolgreich vorgestellt u.a. auch im Jahr 2000 in Aachen ( Halter Aged Stallion, Western Riding, Bronzemedaille Trail). Zippo qualifizierte sich in den Jahren 2000 &#8211; 2003 jeweils f\u00fcr die World Show in den Disziplinen SR Western Riding, SR Trail, SR Western Pleasure und Aged Stallion. Sein Performance ROM erhielt er bereits im Jahr 1993.<\/p>\n<p class=\"Stil5\"><strong><strong>Seine AQHA Point<\/strong><\/strong>: 69 Open Performance, 0,5 Halter, 0,5 Amateur Performance<\/p>\n<p class=\"Stil5\">Sehr erfolgreiche Pferde seiner Nachzucht sind <strong>Zippos Night Glow<\/strong>, <strong>Sonnys Best Zippo<\/strong> und <strong>Fashion Zippalina<\/strong>,<\/p>\n<p class=\"Stil5\"><strong>Sonnys Best Zippo:<\/strong> Western Pleasure, 2.Platz Europameisterschaft in Kreuth 2005<\/p>\n","protected":false},"excerpt":{"rendered":"<p>Im Januar 2018 mussten wir Dich ziehen lassen, danke f\u00fcr alles Du bist nicht tot, du lebst nur in einer anderen Welt. Bis zuletzt k\u00e4mpften wir um dein Leben, doch eine dramatische Verschlechterung, lie\u00df uns keine andere Wahl. Danke f\u00fcr &hellip; <a href=\"http:\/\/wp.alfs-ranch.de\/?page_id=28\">Weiterlesen <span class=\"meta-nav\">&rarr;<\/span><\/a><\/p>\n","protected":false},"author":1,"featured_media":0,"parent":0,"menu_order":0,"comment_status":"open","ping_status":"open","template":"","meta":{"footnotes":""},"_links":{"self":[{"href":"http:\/\/wp.alfs-ranch.de\/index.php?rest_route=\/wp\/v2\/pages\/28"}],"collection":[{"href":"http:\/\/wp.alfs-ranch.de\/index.php?rest_route=\/wp\/v2\/pages"}],"about":[{"href":"http:\/\/wp.alfs-ranch.de\/index.php?rest_route=\/wp\/v2\/types\/page"}],"author":[{"embeddable":true,"href":"http:\/\/wp.alfs-ranch.de\/index.php?rest_route=\/wp\/v2\/users\/1"}],"replies":[{"embeddable":true,"href":"http:\/\/wp.alfs-ranch.de\/index.php?rest_route=%2Fwp%2Fv2%2Fcomments&post=28"}],"version-history":[{"count":4,"href":"http:\/\/wp.alfs-ranch.de\/index.php?rest_route=\/wp\/v2\/pages\/28\/revisions"}],"predecessor-version":[{"id":172,"href":"http:\/\/wp.alfs-ranch.de\/index.php?rest_route=\/wp\/v2\/pages\/28\/revisions\/172"}],"wp:attachment":[{"href":"http:\/\/wp.alfs-ranch.de\/index.php?rest_route=%2Fwp%2Fv2%2Fmedia&parent=28"}],"curies":[{"name":"wp","href":"https:\/\/api.w.org\/{rel}","templated":true}]}}