{"id":2,"date":"2015-04-28T04:26:46","date_gmt":"2015-04-28T04:26:46","guid":{"rendered":"http:\/\/localhost\/wordpress\/?page_id=2"},"modified":"2021-04-21T16:44:25","modified_gmt":"2021-04-21T16:44:25","slug":"sample-page","status":"publish","type":"page","link":"http:\/\/wp.alfs-ranch.de\/?page_id=2","title":{"rendered":"About Us"},"content":{"rendered":"<p>Wenn man solch einen Vater hat, kann es unm\u00f6glich sein, dass man an Pferden vorbeikommt, ohne gleich eins zu kaufen.<\/p>\n<p>Hier der allerbeste Big Al. Er hatte schon immer mit Pferden zu tun. Auf seinen Koppeln tummelten sich bis vor kurzem noch 3 Trakehner Stuten.<\/p>\n<p><a href=\"http:\/\/wp.alfs-ranch.de\/wp-content\/uploads\/2015\/04\/alfons.jpg\"><img loading=\"lazy\" decoding=\"async\" class=\"alignnone size-full wp-image-13\" src=\"http:\/\/wp.alfs-ranch.de\/wp-content\/uploads\/2015\/04\/alfons.jpg\" alt=\"alfons\" width=\"265\" height=\"295\" \/><\/a><\/p>\n<p>Vieles \u00fcber Pferde und den Umgang mit ihnen konnte ich von ihm lernen.<\/p>\n<p>Auch heute noch unterst\u00fctzt er uns, wo er kann, mit guten Ratschl\u00e4gen und auch immer wieder mit Arbeitseins\u00e4tzen bei unseren Vorhaben.<\/p>\n<p>Danke &#8230;<\/p>\n<p><a href=\"http:\/\/wp.alfs-ranch.de\/wp-content\/uploads\/2015\/04\/gerold3.jpg\"><img loading=\"lazy\" decoding=\"async\" class=\"alignnone size-medium wp-image-14\" src=\"http:\/\/wp.alfs-ranch.de\/wp-content\/uploads\/2015\/04\/gerold3-300x225.jpg\" alt=\"gerold3\" width=\"300\" height=\"225\" srcset=\"http:\/\/wp.alfs-ranch.de\/wp-content\/uploads\/2015\/04\/gerold3-300x225.jpg 300w, http:\/\/wp.alfs-ranch.de\/wp-content\/uploads\/2015\/04\/gerold3.jpg 324w\" sizes=\"(max-width: 300px) 100vw, 300px\" \/><\/a><\/p>\n<p>Gerold Alfs, mein Horseman, arbeitet am liebsten mit den Pferden. Ist aber in seinem beruflichen Leben ein Kopfmensch (Dipl.- Informatiker) und hat alleine eine komplette Warenwirtschaft programmiert.<\/p>\n<p>Hier ist er konzentriert mit Shira am Arbeiten.<\/p>\n<p>Seit \u00fcber 30 Jahren f\u00e4hrt er Harley und ist Mitglied bei dem Bombholders MC.<\/p>\n<p><a href=\"http:\/\/wp.alfs-ranch.de\/wp-content\/uploads\/2015\/04\/maxdolly.jpg\"><img loading=\"lazy\" decoding=\"async\" class=\"alignnone size-medium wp-image-15\" src=\"http:\/\/wp.alfs-ranch.de\/wp-content\/uploads\/2015\/04\/maxdolly-300x225.jpg\" alt=\"maxdolly\" width=\"300\" height=\"225\" srcset=\"http:\/\/wp.alfs-ranch.de\/wp-content\/uploads\/2015\/04\/maxdolly-300x225.jpg 300w, http:\/\/wp.alfs-ranch.de\/wp-content\/uploads\/2015\/04\/maxdolly-401x300.jpg 401w, http:\/\/wp.alfs-ranch.de\/wp-content\/uploads\/2015\/04\/maxdolly.jpg 486w\" sizes=\"(max-width: 300px) 100vw, 300px\" \/><\/a><\/p>\n<p>Maximilian ist eigentlich der geborene Cowboy. Aber inzwischen, mit 22 Jahren\u00a0 interessieren Ihn mehr alte amerikanische Autos und Motorr\u00e4der. Dennoch unterst\u00fctzt er uns wo er kann, wenn es auf der Ranch an Manpower fehlt.<\/p>\n<p><a href=\"http:\/\/wp.alfs-ranch.de\/wp-content\/uploads\/2015\/04\/maxbullridng.jpg\"><img loading=\"lazy\" decoding=\"async\" class=\"alignnone size-medium wp-image-16\" src=\"http:\/\/wp.alfs-ranch.de\/wp-content\/uploads\/2015\/04\/maxbullridng-300x225.jpg\" alt=\"maxbullridng\" width=\"300\" height=\"225\" srcset=\"http:\/\/wp.alfs-ranch.de\/wp-content\/uploads\/2015\/04\/maxbullridng-300x225.jpg 300w, http:\/\/wp.alfs-ranch.de\/wp-content\/uploads\/2015\/04\/maxbullridng-401x300.jpg 401w, http:\/\/wp.alfs-ranch.de\/wp-content\/uploads\/2015\/04\/maxbullridng.jpg 426w\" sizes=\"(max-width: 300px) 100vw, 300px\" \/><\/a><\/p>\n<p>Frederike reitet am liebsten etwas schneller. Deshalb achtet sie besonders auf einen windschnittigen Sitz. Wie die Zeit vergeht &#8230; nun arbeitet Frederike an ihrem Abitur.<\/p>\n<p><a href=\"http:\/\/wp.alfs-ranch.de\/wp-content\/uploads\/2015\/04\/rikedollyalt.jpg\"><img loading=\"lazy\" decoding=\"async\" class=\"alignnone size-medium wp-image-17\" src=\"http:\/\/wp.alfs-ranch.de\/wp-content\/uploads\/2015\/04\/rikedollyalt-300x225.jpg\" alt=\"rikedollyalt\" width=\"300\" height=\"225\" srcset=\"http:\/\/wp.alfs-ranch.de\/wp-content\/uploads\/2015\/04\/rikedollyalt-300x225.jpg 300w, http:\/\/wp.alfs-ranch.de\/wp-content\/uploads\/2015\/04\/rikedollyalt-401x300.jpg 401w, http:\/\/wp.alfs-ranch.de\/wp-content\/uploads\/2015\/04\/rikedollyalt.jpg 486w\" sizes=\"(max-width: 300px) 100vw, 300px\" \/><\/a><\/p>\n<p>Als sie noch klein war, sortierte sie alle Gegenst\u00e4nde und Tiere f\u00fcr ihr Leben gern. Sie bildete in m\u00fchsamer Kleinarbeit meterlange Playmobilfigurenketten. Nat\u00fcrlich reitet sie auch gerne und am liebsten schnell. Mit Wasser hat sie\u00b4s aber auch gerne zu tun.<\/p>\n<p><a href=\"http:\/\/wp.alfs-ranch.de\/wp-content\/uploads\/2015\/04\/rikefeld2.jpg\"><img loading=\"lazy\" decoding=\"async\" class=\"alignnone size-medium wp-image-18\" src=\"http:\/\/wp.alfs-ranch.de\/wp-content\/uploads\/2015\/04\/rikefeld2-300x225.jpg\" alt=\"rikefeld2\" width=\"300\" height=\"225\" srcset=\"http:\/\/wp.alfs-ranch.de\/wp-content\/uploads\/2015\/04\/rikefeld2-300x225.jpg 300w, http:\/\/wp.alfs-ranch.de\/wp-content\/uploads\/2015\/04\/rikefeld2-401x300.jpg 401w, http:\/\/wp.alfs-ranch.de\/wp-content\/uploads\/2015\/04\/rikefeld2.jpg 414w\" sizes=\"(max-width: 300px) 100vw, 300px\" \/><\/a><\/p>\n<p>&#8230; ja und das bin ich Susanne (aber alle sagen einfach nur Sanne) und man sieht, wer hier was schafft.<\/p>\n<p><a href=\"http:\/\/wp.alfs-ranch.de\/wp-content\/uploads\/2015\/04\/susanne.jpg\"><img loading=\"lazy\" decoding=\"async\" class=\"alignnone size-medium wp-image-19\" src=\"http:\/\/wp.alfs-ranch.de\/wp-content\/uploads\/2015\/04\/susanne-300x225.jpg\" alt=\"susanne\" width=\"300\" height=\"225\" srcset=\"http:\/\/wp.alfs-ranch.de\/wp-content\/uploads\/2015\/04\/susanne-300x225.jpg 300w, http:\/\/wp.alfs-ranch.de\/wp-content\/uploads\/2015\/04\/susanne-401x300.jpg 401w, http:\/\/wp.alfs-ranch.de\/wp-content\/uploads\/2015\/04\/susanne.jpg 450w\" sizes=\"(max-width: 300px) 100vw, 300px\" \/><\/a><\/p>\n<p>Ich bin die f\u00fcr\u00b4s Grobe und k\u00fcmmere mich um\u00b4s leibliche Wohl von Mensch und Tier.<\/p>\n<p>Wenn ich mal Zeit habe, fahre ich auf meiner Harley, die ich nun schon fast 30 Jahre besitze, spazieren. Ansonsten liebe ich das gem\u00fctliche Ausreiten durch unsere hiesigen W\u00e4lder. Da begegnet einem u.U. stundenlang keine Menschenseele.<\/p>\n<p>Beruflich k\u00fcmmere ich mich um die Buchhaltung in unserer Firma, renoviere alte H\u00e4user und betreibe ein gem\u00fctliches Bed &amp; Breakfast in Baumholder (www.belleepoque-baumholder.de). Au\u00dferdem habe ich noch ein zeitraubendes Hobby, das Western Journal. Seit 12 Jahren betreibe ich dieses Informationsportal rund ums Westernreiten und fotografiere leidenschaftlich gerne.<\/p>\n<p>g.<\/p>\n","protected":false},"excerpt":{"rendered":"<p>Wenn man solch einen Vater hat, kann es unm\u00f6glich sein, dass man an Pferden vorbeikommt, ohne gleich eins zu kaufen. Hier der allerbeste Big Al. Er hatte schon immer mit Pferden zu tun. Auf seinen Koppeln tummelten sich bis vor &hellip; <a href=\"http:\/\/wp.alfs-ranch.de\/?page_id=2\">Weiterlesen <span class=\"meta-nav\">&rarr;<\/span><\/a><\/p>\n","protected":false},"author":1,"featured_media":0,"parent":0,"menu_order":0,"comment_status":"open","ping_status":"open","template":"","meta":{"footnotes":""},"_links":{"self":[{"href":"http:\/\/wp.alfs-ranch.de\/index.php?rest_route=\/wp\/v2\/pages\/2"}],"collection":[{"href":"http:\/\/wp.alfs-ranch.de\/index.php?rest_route=\/wp\/v2\/pages"}],"about":[{"href":"http:\/\/wp.alfs-ranch.de\/index.php?rest_route=\/wp\/v2\/types\/page"}],"author":[{"embeddable":true,"href":"http:\/\/wp.alfs-ranch.de\/index.php?rest_route=\/wp\/v2\/users\/1"}],"replies":[{"embeddable":true,"href":"http:\/\/wp.alfs-ranch.de\/index.php?rest_route=%2Fwp%2Fv2%2Fcomments&post=2"}],"version-history":[{"count":4,"href":"http:\/\/wp.alfs-ranch.de\/index.php?rest_route=\/wp\/v2\/pages\/2\/revisions"}],"predecessor-version":[{"id":187,"href":"http:\/\/wp.alfs-ranch.de\/index.php?rest_route=\/wp\/v2\/pages\/2\/revisions\/187"}],"wp:attachment":[{"href":"http:\/\/wp.alfs-ranch.de\/index.php?rest_route=%2Fwp%2Fv2%2Fmedia&parent=2"}],"curies":[{"name":"wp","href":"https:\/\/api.w.org\/{rel}","templated":true}]}}